{"id":9934,"date":"1970-01-01T00:00:00","date_gmt":"1969-12-31T23:00:00","guid":{"rendered":"http:\/\/junoarte.com\/en\/galeria\/sin%20categorizar\/hidria\/"},"modified":"2016-10-24T21:46:07","modified_gmt":"2016-10-24T19:46:07","slug":"hidria","status":"publish","type":"product","link":"http:\/\/junoarte.com\/en\/galeria\/archeology\/greek\/hidria\/","title":{"rendered":"HYDRIA"},"content":{"rendered":"","protected":false},"excerpt":{"rendered":"<p><strong>Cultura:<\/strong>\u00a0Magna Grecia<br \/>\n<strong>Cronolog\u00eda:<\/strong>\u00a0IV a. C.<br \/>\n<strong>Material:<\/strong>\u00a0Cer\u00e1mica de barniz negro y figuras rojas.<br \/>\n<strong>Descripci\u00f3n: <\/strong><br \/>\nEn el anverso, mujer vestida con quit\u00f3n, enjoyada y con tocado en su cabello, porta un cuenco met\u00e1lico (phiale) que contiene flores que las va arrojando al paso de un joven desnudo con una capa enrollada al brazo y un tirso, podr\u00eda tratarse de Dionisio.<br \/>\nAl reverso, grandes palmetas t\u00edpicas de la regi\u00f3n de Apulia.<br \/>\nEn el cuello hojas de laurel caracter\u00edsticas de la victoria.<br \/>\n<strong>Dimensiones:<\/strong>\u00a035 cm<\/p>\n<p><strong>Procedencia: <\/strong>Colecci\u00f3n Particular granadina<\/p>\n<p><strong>Con certificado de An\u00e1lisis de dataci\u00f3n por Termoluminisc\u00e9ncia<\/strong><\/p>\n","protected":false},"featured_media":9600,"comment_status":"closed","ping_status":"closed","template":"","meta":{"site-sidebar-layout":"default","site-content-layout":"default","ast-global-header-display":"","ast-main-header-display":"","ast-hfb-above-header-display":"","ast-hfb-below-header-display":"","ast-hfb-mobile-header-display":"","site-post-title":"","ast-breadcrumbs-content":"","ast-featured-img":"","footer-sml-layout":"","theme-transparent-header-meta":"","adv-header-id-meta":"","stick-header-meta":"","header-above-stick-meta":"","header-main-stick-meta":"","header-below-stick-meta":""},"product_brand":[],"product_cat":[69,83],"product_tag":[],"class_list":{"0":"post-9934","1":"product","2":"type-product","3":"status-publish","4":"has-post-thumbnail","6":"product_cat-archeology","7":"product_cat-greek","8":"desktop-align-left","9":"tablet-align-left","10":"mobile-align-left","12":"first","13":"instock","14":"shipping-taxable","15":"product-type-simple"},"_links":{"self":[{"href":"http:\/\/junoarte.com\/en\/wp-json\/wp\/v2\/product\/9934","targetHints":{"allow":["GET"]}}],"collection":[{"href":"http:\/\/junoarte.com\/en\/wp-json\/wp\/v2\/product"}],"about":[{"href":"http:\/\/junoarte.com\/en\/wp-json\/wp\/v2\/types\/product"}],"replies":[{"embeddable":true,"href":"http:\/\/junoarte.com\/en\/wp-json\/wp\/v2\/comments?post=9934"}],"wp:featuredmedia":[{"embeddable":true,"href":"http:\/\/junoarte.com\/en\/wp-json\/wp\/v2\/media\/9600"}],"wp:attachment":[{"href":"http:\/\/junoarte.com\/en\/wp-json\/wp\/v2\/media?parent=9934"}],"wp:term":[{"taxonomy":"product_brand","embeddable":true,"href":"http:\/\/junoarte.com\/en\/wp-json\/wp\/v2\/product_brand?post=9934"},{"taxonomy":"product_cat","embeddable":true,"href":"http:\/\/junoarte.com\/en\/wp-json\/wp\/v2\/product_cat?post=9934"},{"taxonomy":"product_tag","embeddable":true,"href":"http:\/\/junoarte.com\/en\/wp-json\/wp\/v2\/product_tag?post=9934"}],"curies":[{"name":"wp","href":"https:\/\/api.w.org\/{rel}","templated":true}]}}