{"id":10581,"date":"2016-05-05T16:22:12","date_gmt":"2016-05-05T15:22:12","guid":{"rendered":"http:\/\/junoarte.com\/en\/?page_id=10581"},"modified":"2016-05-10T10:59:09","modified_gmt":"2016-05-10T08:59:09","slug":"project-of-sculpture","status":"publish","type":"page","link":"https:\/\/junoarte.com\/en\/restauration\/project-of-sculpture\/","title":{"rendered":"Project of Sculpture"},"content":{"rendered":"<div id=\"gw_go_portfolio_escultura-nino-pasion\" style=\"margin-top:0;margin-bottom:0;\"><!--[if lt IE 9]><div class=\"gw-gopf gw-gopf-ie gw-gopf-grid-type gw-gopf-3cols gw-gopf-style-vario  \" data-url=\"https:\/\/junoarte.com\/wp-admin\/admin-ajax.php\" data-id=\"57239acaa19b0\" data-cols=\"3\" data-rowspace=\"30\" data-rtl=\"false\" data-transenabled=\"false\" data-lbenabled=\"true\" data-lbgallery=\"true\" data-deep-linking=\"false\"  data-filter-type=\"isotope\"><![endif]--><!--[if gte IE 9]> <!--><div class=\"gw-gopf gw-gopf-no-trans gw-gopf-grid-type gw-gopf-3cols gw-gopf-style-vario  \" data-url=\"https:\/\/junoarte.com\/wp-admin\/admin-ajax.php\" data-id=\"57239acaa19b0\" data-cols=\"3\" data-rowspace=\"30\" data-rtl=\"false\" data-transenabled=\"false\" data-lbenabled=\"true\" data-lbgallery=\"true\" data-deep-linking=\"false\"  data-filter-type=\"isotope\"> <!--<![endif]--><div class=\"gw-gopf-posts-wrap\"><div class=\"gw-gopf-posts-wrap-inner\"><div class=\"gw-gopf-posts gw-gopf-clearfix\" data-col=\"3\"><div id=\"10586\" class=\"gw-gopf-col-wrap\" data-filter=\"\"><div class=\"gw-gopf-post-col gw-gopf-has-overlay\"><div class=\"gw-gopf-post\"><div class=\"gw-gopf-post-header\"><div class=\"gw-gopf-post-overlay\"><div class=\"gw-gopf-post-overlay-bg\"><\/div><div class=\"gw-gopf-post-overlay-inner\"><a title=\"1. Antes y despu\u00e9s del Proceso de Restauraci\u00f3n\" data-id=\"10586_57239acaa19b0\" href=\"https:\/\/junoarte.com\/wp-content\/uploads\/1_Antes-y-despues-del-Proceso-de-Restauracion2.jpg\" data-mfp-src=\"https:\/\/junoarte.com\/wp-content\/uploads\/1_Antes-y-despues-del-Proceso-de-Restauracion2.jpg\" class=\"gw-gopf-circle gw-gopf-post-overlay-circle gw-gopf-magnific-popup\"><img decoding=\"async\" src=\"https:\/\/junoarte.com\/wp-content\/plugins\/go_portfolio\/assets\/images\/icon_large.png\" class=\"gw-gopf-retina\" alt=\"Show more\"><\/a><\/div><\/div><div class=\"gw-gopf-post-media-wrap\" style=\"background-image:url('https:\/\/junoarte.com\/wp-content\/uploads\/1_Antes-y-despues-del-Proceso-de-Restauracion2.jpg'); filter:progid:DXImageTransform.Microsoft.AlphaImageLoader(src=https:\/\/junoarte.com\/wp-content\/uploads\/1_Antes-y-despues-del-Proceso-de-Restauracion2.jpg, sizingMethod='scale');\"><img decoding=\"async\" src=\"https:\/\/junoarte.com\/wp-content\/uploads\/1_Antes-y-despues-del-Proceso-de-Restauracion2.jpg\" alt=\"\"><\/div><\/div><div class=\"gw-gopf-post-content-wrap\"><div class=\"gw-gopf-post-content\"><div class=\"gw-gopf-post-title\"><h2><a href=\"https:\/\/junoarte.com\/en\/1_antes-y-despues-del-proceso-de-restauracion2-3\/\" target=\"_self\">1. Antes y despu\u00e9s del Proceso de Restauraci\u00f3n<\/a><\/h2><\/div><div class=\"gw-gopf-post-excerpt\"><\/div><\/div><\/div><\/div><\/div><\/div><div id=\"10588\" class=\"gw-gopf-col-wrap\" data-filter=\"\"><div class=\"gw-gopf-post-col gw-gopf-has-overlay\"><div class=\"gw-gopf-post\"><div class=\"gw-gopf-post-header\"><div class=\"gw-gopf-post-overlay\"><div class=\"gw-gopf-post-overlay-bg\"><\/div><div class=\"gw-gopf-post-overlay-inner\"><a title=\"2. Proceso de Limpieza\" data-id=\"10588_57239acaa19b0\" href=\"https:\/\/junoarte.com\/wp-content\/uploads\/2_Proceso-de-Limpieza.jpg\" data-mfp-src=\"https:\/\/junoarte.com\/wp-content\/uploads\/2_Proceso-de-Limpieza.jpg\" class=\"gw-gopf-circle gw-gopf-post-overlay-circle gw-gopf-magnific-popup\"><img decoding=\"async\" src=\"https:\/\/junoarte.com\/wp-content\/plugins\/go_portfolio\/assets\/images\/icon_large.png\" class=\"gw-gopf-retina\" alt=\"Show more\"><\/a><\/div><\/div><div class=\"gw-gopf-post-media-wrap\" style=\"background-image:url('https:\/\/junoarte.com\/wp-content\/uploads\/2_Proceso-de-Limpieza.jpg'); filter:progid:DXImageTransform.Microsoft.AlphaImageLoader(src=https:\/\/junoarte.com\/wp-content\/uploads\/2_Proceso-de-Limpieza.jpg, sizingMethod='scale');\"><img decoding=\"async\" src=\"https:\/\/junoarte.com\/wp-content\/uploads\/2_Proceso-de-Limpieza.jpg\" alt=\"\"><\/div><\/div><div class=\"gw-gopf-post-content-wrap\"><div class=\"gw-gopf-post-content\"><div class=\"gw-gopf-post-title\"><h2><a href=\"https:\/\/junoarte.com\/en\/2_proceso-de-limpieza-2\/\" target=\"_self\">2. Proceso de Limpieza<\/a><\/h2><\/div><div class=\"gw-gopf-post-excerpt\"><\/div><\/div><\/div><\/div><\/div><\/div><div id=\"10590\" class=\"gw-gopf-col-wrap\" data-filter=\"\"><div class=\"gw-gopf-post-col gw-gopf-has-overlay\"><div class=\"gw-gopf-post\"><div class=\"gw-gopf-post-header\"><div class=\"gw-gopf-post-overlay\"><div class=\"gw-gopf-post-overlay-bg\"><\/div><div class=\"gw-gopf-post-overlay-inner\"><a title=\"3. Reconstrucci\u00f3n Materica talla y estucado. Reintegraci\u00f3n Crom\u00e1tica\" data-id=\"10590_57239acaa19b0\" href=\"https:\/\/junoarte.com\/wp-content\/uploads\/3_Reconstruccion-Materica-talla-y-estucado.-Reintegracion-Cromatica.jpg\" data-mfp-src=\"https:\/\/junoarte.com\/wp-content\/uploads\/3_Reconstruccion-Materica-talla-y-estucado.-Reintegracion-Cromatica.jpg\" class=\"gw-gopf-circle gw-gopf-post-overlay-circle gw-gopf-magnific-popup\"><img decoding=\"async\" src=\"https:\/\/junoarte.com\/wp-content\/plugins\/go_portfolio\/assets\/images\/icon_large.png\" class=\"gw-gopf-retina\" alt=\"Show more\"><\/a><\/div><\/div><div class=\"gw-gopf-post-media-wrap\" style=\"background-image:url('https:\/\/junoarte.com\/wp-content\/uploads\/3_Reconstruccion-Materica-talla-y-estucado.-Reintegracion-Cromatica.jpg'); filter:progid:DXImageTransform.Microsoft.AlphaImageLoader(src=https:\/\/junoarte.com\/wp-content\/uploads\/3_Reconstruccion-Materica-talla-y-estucado.-Reintegracion-Cromatica.jpg, sizingMethod='scale');\"><img decoding=\"async\" src=\"https:\/\/junoarte.com\/wp-content\/uploads\/3_Reconstruccion-Materica-talla-y-estucado.-Reintegracion-Cromatica.jpg\" alt=\"\"><\/div><\/div><div class=\"gw-gopf-post-content-wrap\"><div class=\"gw-gopf-post-content\"><div class=\"gw-gopf-post-title\"><h2><a href=\"https:\/\/junoarte.com\/en\/3_reconstruccion-materica-talla-y-estucado-reintegracion-cromatica-3\/\" target=\"_self\">3. Reconstrucci\u00f3n Materica talla y estucado. Reintegraci\u00f3n Crom\u00e1tica<\/a><\/h2><\/div><div class=\"gw-gopf-post-excerpt\"><\/div><\/div><\/div><\/div><\/div><\/div><div id=\"10592\" class=\"gw-gopf-col-wrap\" data-filter=\"\"><div class=\"gw-gopf-post-col gw-gopf-has-overlay\"><div class=\"gw-gopf-post\"><div class=\"gw-gopf-post-header\"><div class=\"gw-gopf-post-overlay\"><div class=\"gw-gopf-post-overlay-bg\"><\/div><div class=\"gw-gopf-post-overlay-inner\"><a title=\"4. Antes y despues reverso de la pieza\" data-id=\"10592_57239acaa19b0\" href=\"https:\/\/junoarte.com\/wp-content\/uploads\/4_1_Antes-y-despues-reverso-de-la-pieza.jpg\" data-mfp-src=\"https:\/\/junoarte.com\/wp-content\/uploads\/4_1_Antes-y-despues-reverso-de-la-pieza.jpg\" class=\"gw-gopf-circle gw-gopf-post-overlay-circle gw-gopf-magnific-popup\"><img decoding=\"async\" src=\"https:\/\/junoarte.com\/wp-content\/plugins\/go_portfolio\/assets\/images\/icon_large.png\" class=\"gw-gopf-retina\" alt=\"Show more\"><\/a><\/div><\/div><div class=\"gw-gopf-post-media-wrap\" style=\"background-image:url('https:\/\/junoarte.com\/wp-content\/uploads\/4_1_Antes-y-despues-reverso-de-la-pieza.jpg'); filter:progid:DXImageTransform.Microsoft.AlphaImageLoader(src=https:\/\/junoarte.com\/wp-content\/uploads\/4_1_Antes-y-despues-reverso-de-la-pieza.jpg, sizingMethod='scale');\"><img decoding=\"async\" src=\"https:\/\/junoarte.com\/wp-content\/uploads\/4_1_Antes-y-despues-reverso-de-la-pieza.jpg\" alt=\"\"><\/div><\/div><div class=\"gw-gopf-post-content-wrap\"><div class=\"gw-gopf-post-content\"><div class=\"gw-gopf-post-title\"><h2><a href=\"https:\/\/junoarte.com\/en\/4_1_antes-y-despues-reverso-de-la-pieza-3\/\" target=\"_self\">4. Antes y despues reverso de la pieza<\/a><\/h2><\/div><div class=\"gw-gopf-post-excerpt\"><\/div><\/div><\/div><\/div><\/div><\/div><\/div><\/div><\/div><div class=\"gw-gopf-clearfix\"><\/div><div class=\"gw-gopf-pagination-wrapper gw-gopf-clearfix\" data-posts=\"4\" data-posts-per-page=\"4\" data-loaded=\"10586,10588,10590,10592\" data-pages=\"1\" data-current-page=\"1\" data-current-id=\"\"><\/div><\/div><\/div>\n<div style=\"margin: 0; padding: 10px; background: #ececec; min-height: 50px;\">\n<div style=\"float: left;\"><a href=\"https:\/\/junoarte.com\/en\/restauration\/project-of-painting\/\"><strong>&lt; Previous\u00a0<\/strong><\/a><\/div>\n<div style=\"float: right;\"><a href=\"https:\/\/junoarte.com\/en\/restauration\/project-of-porcelain\/\"><strong>Next\u00a0&gt;<\/strong><\/a><\/div>\n<\/div>\n","protected":false},"excerpt":{"rendered":"<p>&lt; Previous\u00a0 Next\u00a0&gt;<\/p>\n","protected":false},"author":1,"featured_media":0,"parent":8729,"menu_order":0,"comment_status":"closed","ping_status":"closed","template":"","meta":{"site-sidebar-layout":"default","site-content-layout":"default","ast-global-header-display":"","ast-main-header-display":"","ast-hfb-above-header-display":"","ast-hfb-below-header-display":"","ast-hfb-mobile-header-display":"","site-post-title":"disabled","ast-breadcrumbs-content":"","ast-featured-img":"","footer-sml-layout":"","theme-transparent-header-meta":"default","adv-header-id-meta":"","stick-header-meta":"","header-above-stick-meta":"","header-main-stick-meta":"","header-below-stick-meta":"","footnotes":""},"class_list":["post-10581","page","type-page","status-publish","hentry"],"_links":{"self":[{"href":"https:\/\/junoarte.com\/en\/wp-json\/wp\/v2\/pages\/10581","targetHints":{"allow":["GET"]}}],"collection":[{"href":"https:\/\/junoarte.com\/en\/wp-json\/wp\/v2\/pages"}],"about":[{"href":"https:\/\/junoarte.com\/en\/wp-json\/wp\/v2\/types\/page"}],"author":[{"embeddable":true,"href":"https:\/\/junoarte.com\/en\/wp-json\/wp\/v2\/users\/1"}],"replies":[{"embeddable":true,"href":"https:\/\/junoarte.com\/en\/wp-json\/wp\/v2\/comments?post=10581"}],"version-history":[{"count":0,"href":"https:\/\/junoarte.com\/en\/wp-json\/wp\/v2\/pages\/10581\/revisions"}],"up":[{"embeddable":true,"href":"https:\/\/junoarte.com\/en\/wp-json\/wp\/v2\/pages\/8729"}],"wp:attachment":[{"href":"https:\/\/junoarte.com\/en\/wp-json\/wp\/v2\/media?parent=10581"}],"curies":[{"name":"wp","href":"https:\/\/api.w.org\/{rel}","templated":true}]}}