{"id":8718,"date":"2016-05-04T11:37:56","date_gmt":"2016-05-04T10:37:56","guid":{"rendered":"http:\/\/junoarte.com\/en\/?page_id=8718"},"modified":"2016-05-11T12:45:09","modified_gmt":"2016-05-11T10:45:09","slug":"juno-arte-galeria-de-arqueologia-antiguedades-y-numismatica-inicio","status":"publish","type":"page","link":"https:\/\/junoarte.com\/en\/","title":{"rendered":"Juno Arte \u2013 Galer\u00eda de Arqueolog\u00eda, Antig\u00fcedades y Numism\u00e1tica &#8211; Inicio"},"content":{"rendered":"<p>\n\t\t\t<!-- START Portada REVOLUTION SLIDER 6.5.24 --><p class=\"rs-p-wp-fix\"><\/p>\n\t\t\t<rs-module-wrap id=\"rev_slider_1_1_wrapper\" data-source=\"gallery\" style=\"visibility:hidden;background:transparent;padding:0;margin:0px auto;margin-top:-48;margin-bottom:0;\">\n\t\t\t\t<rs-module id=\"rev_slider_1_1\" style=\"\" data-version=\"6.5.24\">\n\t\t\t\t\t<rs-slides>\n\t\t\t\t\t\t<rs-slide style=\"position: absolute;\" data-key=\"rs-1\" data-title=\"Slide\" data-anim=\"ms:600;\" data-in=\"o:0;\" data-out=\"a:false;\">\n\t\t\t\t\t\t\t<img decoding=\"async\" src=\"\/\/junoarte.com\/wp-content\/plugins\/revslider\/public\/assets\/assets\/dummy.png\" alt=\"\" title=\"Juno Arte \u2013 Galer\u00eda de Arqueolog\u00eda, Antig\u00fcedades y Numism\u00e1tica &#8211; Inicio\" class=\"rev-slidebg tp-rs-img rs-lazyload\" data-lazyload=\"\/\/junoarte.com\/wp-content\/uploads\/slide_01.jpg\" data-no-retina>\n<!---->\t\t\t\t\t\t<\/rs-slide>\n\t\t\t\t\t<\/rs-slides>\n\t\t\t\t<\/rs-module>\n\t\t\t\t<script>\n\t\t\t\t\tsetREVStartSize({c: 'rev_slider_1_1',rl:[1240,1024,778,480],el:[],gw:[1300],gh:[500],type:'standard',justify:'',layout:'fullwidth',mh:\"0\"});if (window.RS_MODULES!==undefined && window.RS_MODULES.modules!==undefined && window.RS_MODULES.modules[\"revslider11\"]!==undefined) {window.RS_MODULES.modules[\"revslider11\"].once = false;window.revapi1 = undefined;if (window.RS_MODULES.checkMinimal!==undefined) window.RS_MODULES.checkMinimal()}\n\t\t\t\t<\/script>\n\t\t\t<\/rs-module-wrap>\n\t\t\t<!-- END REVOLUTION SLIDER -->\n<br \/>\n\n\t\t\t<!-- START aniversarioing REVOLUTION SLIDER 6.5.24 --><p class=\"rs-p-wp-fix\"><\/p>\n\t\t\t<rs-module-wrap id=\"rev_slider_5_2_wrapper\" data-source=\"gallery\" style=\"visibility:hidden;background:transparent;padding:0;margin:0px auto;margin-top:-30;margin-bottom:0;\">\n\t\t\t\t<rs-module id=\"rev_slider_5_2\" style=\"\" data-version=\"6.5.24\">\n\t\t\t\t\t<rs-slides>\n\t\t\t\t\t\t<rs-slide style=\"position: absolute;\" data-key=\"rs-5\" data-title=\"Slide\" data-anim=\"ms:600;\" data-in=\"o:0;\" data-out=\"a:false;\">\n\t\t\t\t\t\t\t<img decoding=\"async\" src=\"\/\/junoarte.com\/wp-content\/plugins\/revslider\/public\/assets\/assets\/dummy.png\" alt=\"Slide\" title=\"Juno Arte \u2013 Galer\u00eda de Arqueolog\u00eda, Antig\u00fcedades y Numism\u00e1tica &#8211; Inicio\" class=\"rev-slidebg tp-rs-img rs-lazyload\" data-lazyload=\"\/\/junoarte.com\/wp-content\/plugins\/revslider\/public\/assets\/assets\/transparent.png\" data-bg=\"c:#000000;\" data-no-retina>\n<!--\n\t\t\t\t\t\t\t--><rs-layer\n\t\t\t\t\t\t\t\tid=\"slider-5-slide-5-layer-3\" \n\t\t\t\t\t\t\t\tdata-type=\"image\"\n\t\t\t\t\t\t\t\tdata-rsp_ch=\"on\"\n\t\t\t\t\t\t\t\tdata-xy=\"x:c;y:c;\"\n\t\t\t\t\t\t\t\tdata-text=\"l:22;\"\n\t\t\t\t\t\t\t\tdata-dim=\"w:1068px;h:130px;\"\n\t\t\t\t\t\t\t\tdata-frame_0=\"tp:600;\"\n\t\t\t\t\t\t\t\tdata-frame_1=\"tp:600;e:power2.inOut;st:500;\"\n\t\t\t\t\t\t\t\tdata-frame_999=\"o:0;tp:600;e:nothing;st:w;\"\n\t\t\t\t\t\t\t\tstyle=\"z-index:5;\"\n\t\t\t\t\t\t\t><img decoding=\"async\" src=\"\/\/junoarte.com\/wp-content\/plugins\/revslider\/public\/assets\/assets\/dummy.png\" alt=\"\" class=\"tp-rs-img rs-lazyload\" width=\"1068\" height=\"130\" data-lazyload=\"\/\/junoarte.com\/wp-content\/uploads\/10_aniversario-eng.jpg\" data-no-retina> \n\t\t\t\t\t\t\t<\/rs-layer><!--\n-->\t\t\t\t\t\t<\/rs-slide>\n\t\t\t\t\t<\/rs-slides>\n\t\t\t\t<\/rs-module>\n\t\t\t\t<script>\n\t\t\t\t\tsetREVStartSize({c: 'rev_slider_5_2',rl:[1240,1024,778,480],el:[],gw:[1240],gh:[150],type:'standard',justify:'',layout:'fullwidth',mh:\"0\"});if (window.RS_MODULES!==undefined && window.RS_MODULES.modules!==undefined && window.RS_MODULES.modules[\"revslider52\"]!==undefined) {window.RS_MODULES.modules[\"revslider52\"].once = false;window.revapi5 = undefined;if (window.RS_MODULES.checkMinimal!==undefined) window.RS_MODULES.checkMinimal()}\n\t\t\t\t<\/script>\n\t\t\t<\/rs-module-wrap>\n\t\t\t<!-- END REVOLUTION SLIDER -->\n<\/p>\n<div style=\"text-align: center; margin: 0 auto; display: inline-block; width: 100%;\" align=\"center\">\n<div style=\"padding: 10px; float: left; width: 33%;\"><a href=\"?product_cat=archeology\"><img loading=\"lazy\" decoding=\"async\" class=\"grow alignnone wp-image-8723 \" src=\"http:\/\/junoarte.com\/wp-content\/uploads\/JUNO-Home-secciones-07.jpg\" width=\"289\" height=\"300\" srcset=\"https:\/\/junoarte.com\/wp-content\/uploads\/JUNO-Home-secciones-07.jpg 379w, https:\/\/junoarte.com\/wp-content\/uploads\/JUNO-Home-secciones-07-144x150.jpg 144w, https:\/\/junoarte.com\/wp-content\/uploads\/JUNO-Home-secciones-07-289x300.jpg 289w\" sizes=\"auto, (max-width: 289px) 100vw, 289px\" \/><\/a><\/div>\n<div style=\"padding: 10px; float: left; width: 33%;\"><a href=\"?product_cat=antiques\"><img loading=\"lazy\" decoding=\"async\" class=\"grow alignnone wp-image-8719\" src=\"http:\/\/junoarte.com\/wp-content\/uploads\/JUNO-Home-secciones-08.jpg\" width=\"289\" height=\"300\" srcset=\"https:\/\/junoarte.com\/wp-content\/uploads\/JUNO-Home-secciones-08.jpg 379w, https:\/\/junoarte.com\/wp-content\/uploads\/JUNO-Home-secciones-08-144x150.jpg 144w, https:\/\/junoarte.com\/wp-content\/uploads\/JUNO-Home-secciones-08-289x300.jpg 289w\" sizes=\"auto, (max-width: 289px) 100vw, 289px\" \/><\/a><\/div>\n<div style=\"padding: 10px; float: left; width: 33%;\"><a href=\"?product_cat=numismatics\"><img loading=\"lazy\" decoding=\"async\" class=\"grow alignnone wp-image-8721\" src=\"http:\/\/junoarte.com\/wp-content\/uploads\/JUNO-Home-secciones-09.jpg\" width=\"289\" height=\"300\" srcset=\"https:\/\/junoarte.com\/wp-content\/uploads\/JUNO-Home-secciones-09.jpg 379w, https:\/\/junoarte.com\/wp-content\/uploads\/JUNO-Home-secciones-09-144x150.jpg 144w, https:\/\/junoarte.com\/wp-content\/uploads\/JUNO-Home-secciones-09-289x300.jpg 289w\" sizes=\"auto, (max-width: 289px) 100vw, 289px\" \/><\/a><\/div>\n<\/div>\n\n\t\t\t<!-- START restauracioning REVOLUTION SLIDER 6.5.24 --><p class=\"rs-p-wp-fix\"><\/p>\n\t\t\t<rs-module-wrap id=\"rev_slider_6_3_wrapper\" data-source=\"gallery\" style=\"visibility:hidden;background:transparent;padding:0;margin:0px auto;margin-top:-10;margin-bottom:0;\">\n\t\t\t\t<rs-module id=\"rev_slider_6_3\" style=\"\" data-version=\"6.5.24\">\n\t\t\t\t\t<rs-slides>\n\t\t\t\t\t\t<rs-slide style=\"position: absolute;\" data-key=\"rs-6\" data-title=\"Slide\" data-link=\"restauracion\" data-tag=\"l\" data-target=\"_self\" data-seoz=\"front\" data-anim=\"ms:600;\" data-in=\"o:0;\" data-out=\"a:false;\">\n\t\t\t\t\t\t\t<img decoding=\"async\" src=\"\/\/junoarte.com\/wp-content\/plugins\/revslider\/public\/assets\/assets\/dummy.png\" alt=\"\" title=\"Juno Arte \u2013 Galer\u00eda de Arqueolog\u00eda, Antig\u00fcedades y Numism\u00e1tica &#8211; Inicio\" class=\"rev-slidebg tp-rs-img rs-lazyload\" data-lazyload=\"\/\/junoarte.com\/wp-content\/uploads\/JUNO-ARTE-Banner-Restaurax-ENG-01.jpg\" data-no-retina>\n<!---->\t\t\t\t\t\t<\/rs-slide>\n\t\t\t\t\t<\/rs-slides>\n\t\t\t\t<\/rs-module>\n\t\t\t\t<script>\n\t\t\t\t\tsetREVStartSize({c: 'rev_slider_6_3',rl:[1240,1024,778,480],el:[],gw:[1240],gh:[200],type:'standard',justify:'',layout:'fullwidth',mh:\"0\"});if (window.RS_MODULES!==undefined && window.RS_MODULES.modules!==undefined && window.RS_MODULES.modules[\"revslider63\"]!==undefined) {window.RS_MODULES.modules[\"revslider63\"].once = false;window.revapi6 = undefined;if (window.RS_MODULES.checkMinimal!==undefined) window.RS_MODULES.checkMinimal()}\n\t\t\t\t<\/script>\n\t\t\t<\/rs-module-wrap>\n\t\t\t<!-- END REVOLUTION SLIDER -->\n\n","protected":false},"excerpt":{"rendered":"","protected":false},"author":1,"featured_media":0,"parent":0,"menu_order":0,"comment_status":"closed","ping_status":"closed","template":"","meta":{"site-sidebar-layout":"default","site-content-layout":"default","ast-global-header-display":"","ast-main-header-display":"","ast-hfb-above-header-display":"","ast-hfb-below-header-display":"","ast-hfb-mobile-header-display":"","site-post-title":"disabled","ast-breadcrumbs-content":"","ast-featured-img":"","footer-sml-layout":"","theme-transparent-header-meta":"default","adv-header-id-meta":"","stick-header-meta":"","header-above-stick-meta":"","header-main-stick-meta":"","header-below-stick-meta":"","footnotes":""},"class_list":["post-8718","page","type-page","status-publish","hentry"],"_links":{"self":[{"href":"https:\/\/junoarte.com\/en\/wp-json\/wp\/v2\/pages\/8718","targetHints":{"allow":["GET"]}}],"collection":[{"href":"https:\/\/junoarte.com\/en\/wp-json\/wp\/v2\/pages"}],"about":[{"href":"https:\/\/junoarte.com\/en\/wp-json\/wp\/v2\/types\/page"}],"author":[{"embeddable":true,"href":"https:\/\/junoarte.com\/en\/wp-json\/wp\/v2\/users\/1"}],"replies":[{"embeddable":true,"href":"https:\/\/junoarte.com\/en\/wp-json\/wp\/v2\/comments?post=8718"}],"version-history":[{"count":0,"href":"https:\/\/junoarte.com\/en\/wp-json\/wp\/v2\/pages\/8718\/revisions"}],"wp:attachment":[{"href":"https:\/\/junoarte.com\/en\/wp-json\/wp\/v2\/media?parent=8718"}],"curies":[{"name":"wp","href":"https:\/\/api.w.org\/{rel}","templated":true}]}}